{"id":108,"date":"2020-07-22T15:47:30","date_gmt":"2020-07-22T21:47:30","guid":{"rendered":"https:\/\/diga.usac.edu.gt\/?page_id=108"},"modified":"2020-07-22T16:20:34","modified_gmt":"2020-07-22T22:20:34","slug":"marco-historico","status":"publish","type":"page","link":"https:\/\/diga.usac.edu.gt\/?page_id=108","title":{"rendered":"Marco Hist\u00f3rico"},"content":{"rendered":"<p>La Direcci\u00f3n General de Administraci\u00f3n, fue creada en el contexto de la pol\u00edtica de reorganizaci\u00f3n y descentralizaci\u00f3n de la administraci\u00f3n universitaria ante el acelerado crecimiento de la Universidad de San Carlos de Guatemala. La base de su creaci\u00f3n, entre otros, fue el estudio realizado en el a\u00f1o 1969 por una Comisi\u00f3n extraordinaria del Consejo Superior Universitario, bajo las bases de simplificaci\u00f3n, tecnificaci\u00f3n, especializaci\u00f3n, delegaci\u00f3n de autoridad y descentralizaci\u00f3n, a efecto de conseguir una administraci\u00f3n eficaz, din\u00e1mica, flexible y t\u00e9cnica.<\/p>\n<p>As\u00ed mismo, la Comisi\u00f3n de Planificaci\u00f3n Universitaria en el Plan Acad\u00e9mico 1974-1979 y la Divisi\u00f3n de Organizaci\u00f3n y M\u00e9todos, actualmente Divisi\u00f3n de Desarrollo Organizacional emitieron varias recomendaciones para la creaci\u00f3n de una dependencia que atendiera las funciones administrativas, corregir la dualidad o multiplicidad de mando y jerarqu\u00eda que se generaba en algunas dependencias subordinadas directamente de Rector\u00eda y otras con funciones administrativas que depend\u00edan de la Direcci\u00f3n General Financiera, lo cual provocaba duplicidad de funciones, falta de coordinaci\u00f3n, deficiente control, baja productividad y efectividad en el trabajo.<\/p>\n<p>En el a\u00f1o 1981 el Consejo Superior Universitario autoriz\u00f3 la creaci\u00f3n de la Direcci\u00f3n General de Administraci\u00f3n, la cual comenz\u00f3 a funciona en el a\u00f1o 1982 al nombrar al primer Director General, seg\u00fan Acuerdo de Rector\u00eda No. 680-82 de fecha 17 de agosto de 1982.<\/p>\n<p>En el a\u00f1o 1998, seg\u00fan Manual de Organizaci\u00f3n de la Direcci\u00f3n General de Administraci\u00f3n, aprobado por Acuerdo de Rector\u00eda No. 740-98 de fecha 24 de junio de 1998, la Direcci\u00f3n se integraba con las dependencias siguientes:\u00a0 Divisi\u00f3n de Bienestar Estudiantil, Divisi\u00f3n de Administraci\u00f3n de Personal, Divisi\u00f3n de Organizaci\u00f3n y M\u00e9todos, Divisi\u00f3n de Servicios Generales, Departamento de Registro y Estad\u00edstica, Biblioteca Central, Oficina de Evaluaci\u00f3n y Promoci\u00f3n del Personal Docente -OTEP-, Archivo General y Vigilancia.<\/p>\n<p>El 7 de julio de 1999, seg\u00fan Punto SEGUNDO del Acta No. 21-99 de la sesi\u00f3n celebrada por el Consejo Superior Universitario, se crea la Direcci\u00f3n General de Docencia -DIGED-, integrando a la Divisi\u00f3n de Bienestar Estudiantil Universitario y el Departamento de Evaluaci\u00f3n y Promoci\u00f3n del Personal Acad\u00e9mico a su estructura org\u00e1nica.<\/p>\n<p>En el a\u00f1o 2006, seg\u00fan Manual de Organizaci\u00f3n de la Direcci\u00f3n General de Administraci\u00f3n -DIGA-, aprobado por Acuerdo de Rector\u00eda No. 884-2006 de fecha 14 de julio de 2006, la Direcci\u00f3n se integraba con las dependencias siguientes: Divisi\u00f3n de Administraci\u00f3n de Recursos Humanos, Divisi\u00f3n de Desarrollo Organizacional, Divisi\u00f3n de Servicios Generales, Departamento de Registro y Estad\u00edstica, Departamento de Vigilancia, Biblioteca Central y Archivo General.<\/p>\n<p>&nbsp;<\/p>\n","protected":false},"excerpt":{"rendered":"<p>La Direcci\u00f3n General de Administraci\u00f3n, fue creada en el contexto de la pol\u00edtica de reorganizaci\u00f3n y descentralizaci\u00f3n de la administraci\u00f3n universitaria ante el acelerado crecimiento de la Universidad de San Carlos de Guatemala. La base de su creaci\u00f3n, entre otros, fue el estudio realizado en el a\u00f1o 1969 por una Comisi\u00f3n extraordinaria del Consejo Superior &hellip; <\/p>\n<p class=\"link-more\"><a href=\"https:\/\/diga.usac.edu.gt\/?page_id=108\" class=\"more-link\">Continuar leyendo<span class=\"screen-reader-text\"> \u00abMarco Hist\u00f3rico\u00bb<\/span><\/a><\/p>\n","protected":false},"author":2,"featured_media":0,"parent":103,"menu_order":2,"comment_status":"closed","ping_status":"closed","template":"","meta":[],"_links":{"self":[{"href":"https:\/\/diga.usac.edu.gt\/index.php?rest_route=\/wp\/v2\/pages\/108"}],"collection":[{"href":"https:\/\/diga.usac.edu.gt\/index.php?rest_route=\/wp\/v2\/pages"}],"about":[{"href":"https:\/\/diga.usac.edu.gt\/index.php?rest_route=\/wp\/v2\/types\/page"}],"author":[{"embeddable":true,"href":"https:\/\/diga.usac.edu.gt\/index.php?rest_route=\/wp\/v2\/users\/2"}],"replies":[{"embeddable":true,"href":"https:\/\/diga.usac.edu.gt\/index.php?rest_route=%2Fwp%2Fv2%2Fcomments&post=108"}],"version-history":[{"count":3,"href":"https:\/\/diga.usac.edu.gt\/index.php?rest_route=\/wp\/v2\/pages\/108\/revisions"}],"predecessor-version":[{"id":112,"href":"https:\/\/diga.usac.edu.gt\/index.php?rest_route=\/wp\/v2\/pages\/108\/revisions\/112"}],"up":[{"embeddable":true,"href":"https:\/\/diga.usac.edu.gt\/index.php?rest_route=\/wp\/v2\/pages\/103"}],"wp:attachment":[{"href":"https:\/\/diga.usac.edu.gt\/index.php?rest_route=%2Fwp%2Fv2%2Fmedia&parent=108"}],"curies":[{"name":"wp","href":"https:\/\/api.w.org\/{rel}","templated":true}]}}