{"id":115,"date":"2020-07-22T16:23:25","date_gmt":"2020-07-22T22:23:25","guid":{"rendered":"https:\/\/diga.usac.edu.gt\/?page_id=115"},"modified":"2020-07-22T16:23:25","modified_gmt":"2020-07-22T22:23:25","slug":"definicion","status":"publish","type":"page","link":"https:\/\/diga.usac.edu.gt\/?page_id=115","title":{"rendered":"Definici\u00f3n"},"content":{"rendered":"<p>La Direcci\u00f3n General de Administraci\u00f3n es la instancia de Direcci\u00f3n Superior, responsable de planificar, organizar, dirigir, coordinar y supervisar las funciones administrativas, t\u00e9cnicas y de servicio de la Universidad de San Carlos de Guatemala, a trav\u00e9s de las unidades que la integran, en apoyo a la docencia, investigaci\u00f3n y extensi\u00f3n de la Universidad de San Carlos de Guatemala, las cuales constituyen las funciones sustantivas de la Universidad.<\/p>\n<p>&nbsp;<\/p>\n","protected":false},"excerpt":{"rendered":"<p>La Direcci\u00f3n General de Administraci\u00f3n es la instancia de Direcci\u00f3n Superior, responsable de planificar, organizar, dirigir, coordinar y supervisar las funciones administrativas, t\u00e9cnicas y de servicio de la Universidad de San Carlos de Guatemala, a trav\u00e9s de las unidades que la integran, en apoyo a la docencia, investigaci\u00f3n y extensi\u00f3n de la Universidad de San &hellip; <\/p>\n<p class=\"link-more\"><a href=\"https:\/\/diga.usac.edu.gt\/?page_id=115\" class=\"more-link\">Continuar leyendo<span class=\"screen-reader-text\"> \u00abDefinici\u00f3n\u00bb<\/span><\/a><\/p>\n","protected":false},"author":2,"featured_media":0,"parent":113,"menu_order":1,"comment_status":"closed","ping_status":"closed","template":"","meta":[],"_links":{"self":[{"href":"https:\/\/diga.usac.edu.gt\/index.php?rest_route=\/wp\/v2\/pages\/115"}],"collection":[{"href":"https:\/\/diga.usac.edu.gt\/index.php?rest_route=\/wp\/v2\/pages"}],"about":[{"href":"https:\/\/diga.usac.edu.gt\/index.php?rest_route=\/wp\/v2\/types\/page"}],"author":[{"embeddable":true,"href":"https:\/\/diga.usac.edu.gt\/index.php?rest_route=\/wp\/v2\/users\/2"}],"replies":[{"embeddable":true,"href":"https:\/\/diga.usac.edu.gt\/index.php?rest_route=%2Fwp%2Fv2%2Fcomments&post=115"}],"version-history":[{"count":1,"href":"https:\/\/diga.usac.edu.gt\/index.php?rest_route=\/wp\/v2\/pages\/115\/revisions"}],"predecessor-version":[{"id":116,"href":"https:\/\/diga.usac.edu.gt\/index.php?rest_route=\/wp\/v2\/pages\/115\/revisions\/116"}],"up":[{"embeddable":true,"href":"https:\/\/diga.usac.edu.gt\/index.php?rest_route=\/wp\/v2\/pages\/113"}],"wp:attachment":[{"href":"https:\/\/diga.usac.edu.gt\/index.php?rest_route=%2Fwp%2Fv2%2Fmedia&parent=115"}],"curies":[{"name":"wp","href":"https:\/\/api.w.org\/{rel}","templated":true}]}}