{"id":119,"date":"2020-07-22T16:28:24","date_gmt":"2020-07-22T22:28:24","guid":{"rendered":"https:\/\/diga.usac.edu.gt\/?page_id=119"},"modified":"2020-07-22T16:28:24","modified_gmt":"2020-07-22T22:28:24","slug":"vision","status":"publish","type":"page","link":"https:\/\/diga.usac.edu.gt\/?page_id=119","title":{"rendered":"Visi\u00f3n"},"content":{"rendered":"<p>Ser la Direcci\u00f3n General vanguardista, que respalde la funci\u00f3n administrativa a trav\u00e9s de una mejora continua y en beneficio de la Universidad de San Carlos de Guatemala.<\/p>\n","protected":false},"excerpt":{"rendered":"<p>Ser la Direcci\u00f3n General vanguardista, que respalde la funci\u00f3n administrativa a trav\u00e9s de una mejora continua y en beneficio de la Universidad de San Carlos de Guatemala.<\/p>\n","protected":false},"author":2,"featured_media":0,"parent":113,"menu_order":3,"comment_status":"closed","ping_status":"closed","template":"","meta":[],"_links":{"self":[{"href":"https:\/\/diga.usac.edu.gt\/index.php?rest_route=\/wp\/v2\/pages\/119"}],"collection":[{"href":"https:\/\/diga.usac.edu.gt\/index.php?rest_route=\/wp\/v2\/pages"}],"about":[{"href":"https:\/\/diga.usac.edu.gt\/index.php?rest_route=\/wp\/v2\/types\/page"}],"author":[{"embeddable":true,"href":"https:\/\/diga.usac.edu.gt\/index.php?rest_route=\/wp\/v2\/users\/2"}],"replies":[{"embeddable":true,"href":"https:\/\/diga.usac.edu.gt\/index.php?rest_route=%2Fwp%2Fv2%2Fcomments&post=119"}],"version-history":[{"count":1,"href":"https:\/\/diga.usac.edu.gt\/index.php?rest_route=\/wp\/v2\/pages\/119\/revisions"}],"predecessor-version":[{"id":120,"href":"https:\/\/diga.usac.edu.gt\/index.php?rest_route=\/wp\/v2\/pages\/119\/revisions\/120"}],"up":[{"embeddable":true,"href":"https:\/\/diga.usac.edu.gt\/index.php?rest_route=\/wp\/v2\/pages\/113"}],"wp:attachment":[{"href":"https:\/\/diga.usac.edu.gt\/index.php?rest_route=%2Fwp%2Fv2%2Fmedia&parent=119"}],"curies":[{"name":"wp","href":"https:\/\/api.w.org\/{rel}","templated":true}]}}