{"id":123,"date":"2020-07-22T17:08:59","date_gmt":"2020-07-22T23:08:59","guid":{"rendered":"https:\/\/diga.usac.edu.gt\/?page_id=123"},"modified":"2020-07-22T17:08:59","modified_gmt":"2020-07-22T23:08:59","slug":"funciones","status":"publish","type":"page","link":"https:\/\/diga.usac.edu.gt\/?page_id=123","title":{"rendered":"Funciones"},"content":{"rendered":"<ol>\n<li>Administrar los recursos asignados a la Direcci\u00f3n General de Administraci\u00f3n, as\u00ed como proporcionar los servicios de apoyo para el eficaz cumplimiento de los objetivos de la Universidad de San Carlos de Guatemala.<\/li>\n<li>Proporcionar los servicios de apoyo para el cumplimiento \u00e1gil, eficiente y eficaz de los fines de docencia, investigaci\u00f3n y extensi\u00f3n de la Universidad de San Carlos de Guatemala.<\/li>\n<li>Desarrollar, optimizar y racionalizar los recursos materiales y talento humano; as\u00ed como promover la descentralizaci\u00f3n y desconcentraci\u00f3n administrativa, para lograr el cumplimiento de la misi\u00f3n de la Universidad.<\/li>\n<li>Procurar la gesti\u00f3n administrativa en la Universidad, para lograr el objetivo de la misi\u00f3n institucional y que d\u00e9 respuesta a las necesidades que enfrenta la Universidad.<\/li>\n<li>Normar, planificar, programar, organizar y supervisar las actividades de las dependencias bajo su direcci\u00f3n.<\/li>\n<li>Proponer anualmente a las autoridades superiores, las pol\u00edticas y estrategias de la funci\u00f3n administrativa.<\/li>\n<li>Coordinar el Plan Operativo Anual, que comprenda las actividades a desarrollar en la Direcci\u00f3n General de Administraci\u00f3n.<\/li>\n<li>Mantener comunicaci\u00f3n permanente con las autoridades superiores, para mejor conducci\u00f3n de las actividades administrativas.<\/li>\n<li>Proporcionar asesor\u00eda t\u00e9cnica a las autoridades superiores en las \u00e1reas de su competencia.<\/li>\n<li>Promover la capacitaci\u00f3n y desarrollo del personal bajo su cargo.<\/li>\n<li>Implementar los programas de Seguridad Integral de la Universidad de San Carlos de Guatemala.<\/li>\n<li>Autorizar los Contratos del Personal de las dependencias de la Direcci\u00f3n General de Administraci\u00f3n, as\u00ed como los contratos del personal que integran la misma.<\/li>\n<li>Plantear y procurar los procesos disciplinarios contra el personal administrativo de la Direcci\u00f3n General de Administraci\u00f3n y sus Dependencias.<\/li>\n<li>Emitir acuerdos y dict\u00e1menes de Direcci\u00f3n en el \u00e1mbito de su competencia.<\/li>\n<li>Autorizar actividades p\u00fablicas en el Campus Central de la Universidad de San Carlos de Guatemala, en las \u00e1reas de influencia bajo su cargo.<\/li>\n<li>Autorizar las ampliaciones y\/o transferencias presupuestarias de las Dependencias de la Direcci\u00f3n General\u00a0 de Administraci\u00f3n.<\/li>\n<li>Conceder licencias al personal de las dependencias de la Direcci\u00f3n General de Administraci\u00f3n, con y sin goce de sueldo, por un per\u00edodo no mayor de treinta d\u00edas.<\/li>\n<li>Planificar, proporcionar mantenimiento, ejecutar y supervisar la infraestructura f\u00edsica de la Universidad, conjuntamente con las unidades acad\u00e9micas y otras dependencias administrativas.<\/li>\n<li>Proporcionar mantenimiento y servicio a las \u00e1reas comunes de la Universidad de San Carlos de Guatemala y las espec\u00edficas de su competencia.<\/li>\n<li>Proporcionar asesor\u00eda t\u00e9cnica para la gesti\u00f3n del recurso humano de la Universidad, principalmente del personal administrativo, t\u00e9cnico y de servicio.<\/li>\n<li>Realizar estudios de organizaci\u00f3n y de sistemas y procesos para la agilizaci\u00f3n, eficiencia y eficacia de los tr\u00e1mites administrativos.<\/li>\n<li>Apoyar los procesos acad\u00e9micos mediante el registro de la matr\u00edcula e informaci\u00f3n estad\u00edstica de la poblaci\u00f3n estudiantil.<\/li>\n<li>Administrar y poner al servicio de la comunidad universitaria y p\u00fablico en general, el fondo bibliogr\u00e1fico de la Universidad.<\/li>\n<li>Preservar, difundir y poner al servicio de la comunidad universitaria y p\u00fablico en general, el patrimonio hist\u00f3rico documental de la Universidad.<\/li>\n<li>Proporcionar seguridad a la comunidad universitaria, en el campus central de la Universidad y resguardar el patrimonio institucional.<\/li>\n<li>Proporcionar asesor\u00eda t\u00e9cnico-administrativa a las unidades acad\u00e9micas y administrativas de la Universidad.<\/li>\n<\/ol>\n","protected":false},"excerpt":{"rendered":"<p>Administrar los recursos asignados a la Direcci\u00f3n General de Administraci\u00f3n, as\u00ed como proporcionar los servicios de apoyo para el eficaz cumplimiento de los objetivos de la Universidad de San Carlos de Guatemala. Proporcionar los servicios de apoyo para el cumplimiento \u00e1gil, eficiente y eficaz de los fines de docencia, investigaci\u00f3n y extensi\u00f3n de la Universidad &hellip; <\/p>\n<p class=\"link-more\"><a href=\"https:\/\/diga.usac.edu.gt\/?page_id=123\" class=\"more-link\">Continuar leyendo<span class=\"screen-reader-text\"> \u00abFunciones\u00bb<\/span><\/a><\/p>\n","protected":false},"author":2,"featured_media":0,"parent":113,"menu_order":5,"comment_status":"closed","ping_status":"closed","template":"","meta":[],"_links":{"self":[{"href":"https:\/\/diga.usac.edu.gt\/index.php?rest_route=\/wp\/v2\/pages\/123"}],"collection":[{"href":"https:\/\/diga.usac.edu.gt\/index.php?rest_route=\/wp\/v2\/pages"}],"about":[{"href":"https:\/\/diga.usac.edu.gt\/index.php?rest_route=\/wp\/v2\/types\/page"}],"author":[{"embeddable":true,"href":"https:\/\/diga.usac.edu.gt\/index.php?rest_route=\/wp\/v2\/users\/2"}],"replies":[{"embeddable":true,"href":"https:\/\/diga.usac.edu.gt\/index.php?rest_route=%2Fwp%2Fv2%2Fcomments&post=123"}],"version-history":[{"count":1,"href":"https:\/\/diga.usac.edu.gt\/index.php?rest_route=\/wp\/v2\/pages\/123\/revisions"}],"predecessor-version":[{"id":124,"href":"https:\/\/diga.usac.edu.gt\/index.php?rest_route=\/wp\/v2\/pages\/123\/revisions\/124"}],"up":[{"embeddable":true,"href":"https:\/\/diga.usac.edu.gt\/index.php?rest_route=\/wp\/v2\/pages\/113"}],"wp:attachment":[{"href":"https:\/\/diga.usac.edu.gt\/index.php?rest_route=%2Fwp%2Fv2%2Fmedia&parent=123"}],"curies":[{"name":"wp","href":"https:\/\/api.w.org\/{rel}","templated":true}]}}