{"id":125,"date":"2020-07-22T17:12:39","date_gmt":"2020-07-22T23:12:39","guid":{"rendered":"https:\/\/diga.usac.edu.gt\/?page_id=125"},"modified":"2020-07-22T17:12:39","modified_gmt":"2020-07-22T23:12:39","slug":"politicas","status":"publish","type":"page","link":"https:\/\/diga.usac.edu.gt\/?page_id=125","title":{"rendered":"Pol\u00edticas"},"content":{"rendered":"<ol>\n<li>Optimizar la gesti\u00f3n de las unidades administrativas que buscar\u00e1 su modernizaci\u00f3n y coordinaci\u00f3n, a fin de lograr un eficiente apoyo a las funciones b\u00e1sicas de la Universidad de San Carlos de Guatemala.<\/li>\n<li>Optimizar la infraestructura de la Universidad de San Carlos de Guatemala, a trav\u00e9s de la planificaci\u00f3n del mejoramiento de la misma, de acuerdo al Plan de Desarrollo Universitario a corto, mediano y largo plazo.<\/li>\n<li>Aprovechar y preservar los terrenos, edificaciones e instalaciones de uso com\u00fan de la Universidad de San Carlos de Guatemala.<\/li>\n<li>Optimizar la gesti\u00f3n a trav\u00e9s de la capacitaci\u00f3n y desarrollo de las unidades administrativas.<\/li>\n<\/ol>\n","protected":false},"excerpt":{"rendered":"<p>Optimizar la gesti\u00f3n de las unidades administrativas que buscar\u00e1 su modernizaci\u00f3n y coordinaci\u00f3n, a fin de lograr un eficiente apoyo a las funciones b\u00e1sicas de la Universidad de San Carlos de Guatemala. Optimizar la infraestructura de la Universidad de San Carlos de Guatemala, a trav\u00e9s de la planificaci\u00f3n del mejoramiento de la misma, de acuerdo &hellip; <\/p>\n<p class=\"link-more\"><a href=\"https:\/\/diga.usac.edu.gt\/?page_id=125\" class=\"more-link\">Continuar leyendo<span class=\"screen-reader-text\"> \u00abPol\u00edticas\u00bb<\/span><\/a><\/p>\n","protected":false},"author":2,"featured_media":0,"parent":113,"menu_order":6,"comment_status":"closed","ping_status":"closed","template":"","meta":[],"_links":{"self":[{"href":"https:\/\/diga.usac.edu.gt\/index.php?rest_route=\/wp\/v2\/pages\/125"}],"collection":[{"href":"https:\/\/diga.usac.edu.gt\/index.php?rest_route=\/wp\/v2\/pages"}],"about":[{"href":"https:\/\/diga.usac.edu.gt\/index.php?rest_route=\/wp\/v2\/types\/page"}],"author":[{"embeddable":true,"href":"https:\/\/diga.usac.edu.gt\/index.php?rest_route=\/wp\/v2\/users\/2"}],"replies":[{"embeddable":true,"href":"https:\/\/diga.usac.edu.gt\/index.php?rest_route=%2Fwp%2Fv2%2Fcomments&post=125"}],"version-history":[{"count":1,"href":"https:\/\/diga.usac.edu.gt\/index.php?rest_route=\/wp\/v2\/pages\/125\/revisions"}],"predecessor-version":[{"id":126,"href":"https:\/\/diga.usac.edu.gt\/index.php?rest_route=\/wp\/v2\/pages\/125\/revisions\/126"}],"up":[{"embeddable":true,"href":"https:\/\/diga.usac.edu.gt\/index.php?rest_route=\/wp\/v2\/pages\/113"}],"wp:attachment":[{"href":"https:\/\/diga.usac.edu.gt\/index.php?rest_route=%2Fwp%2Fv2%2Fmedia&parent=125"}],"curies":[{"name":"wp","href":"https:\/\/api.w.org\/{rel}","templated":true}]}}