{"id":127,"date":"2020-07-22T17:23:17","date_gmt":"2020-07-22T23:23:17","guid":{"rendered":"https:\/\/diga.usac.edu.gt\/?page_id=127"},"modified":"2020-07-22T17:23:17","modified_gmt":"2020-07-22T23:23:17","slug":"estrategias","status":"publish","type":"page","link":"https:\/\/diga.usac.edu.gt\/?page_id=127","title":{"rendered":"Estrategias"},"content":{"rendered":"<ol>\n<li>Elaborar diagn\u00f3sticos de la infraestructura de la Universidad y proponer un plan para optimizar los recursos f\u00edsicos existentes, y proveer bajo criterios de eficiencia y eficacia, los que sean necesarios en el futuro.<\/li>\n<li>Promover la comunicaci\u00f3n entre los \u00f3rganos de direcci\u00f3n de la Universidad para optimizar el uso compartido de las \u00e1reas comunes.<\/li>\n<li>Promover la sistematizaci\u00f3n de los procesos para mejorar la gesti\u00f3n administrativa de la Universidad.<\/li>\n<li>Proporcionar Asesor\u00eda T\u00e9cnico-Administrativa, para la agilizaci\u00f3n, eficiencia y eficacia, en los diferentes procedimientos administrativos.<\/li>\n<li>Impulsar las acciones tendentes a proveer un ambiente seguro y sostenible en el campus central de la Universidad de San Carlos de Guatemala, y otras instalaciones de la ciudad capital.<\/li>\n<li>Promover pol\u00edticas y programas de desarrollo del personal administrativo universitario.<\/li>\n<li>Apoyar las gestiones parar el resguardo del Archivo General de la Universidad de San Carlos de Guatemala.<\/li>\n<li>Apoyar las gestiones que promuevan la investigaci\u00f3n cient\u00edfica y contribuya al desarrollo de la academia mediante la actualizaci\u00f3n del material bibliogr\u00e1fico.<\/li>\n<li>Implementar mecanismos para la dotaci\u00f3n del recurso humano administrativo de la Universidad de San Carlos de Guatemala.<\/li>\n<\/ol>\n","protected":false},"excerpt":{"rendered":"<p>Elaborar diagn\u00f3sticos de la infraestructura de la Universidad y proponer un plan para optimizar los recursos f\u00edsicos existentes, y proveer bajo criterios de eficiencia y eficacia, los que sean necesarios en el futuro. Promover la comunicaci\u00f3n entre los \u00f3rganos de direcci\u00f3n de la Universidad para optimizar el uso compartido de las \u00e1reas comunes. Promover la &hellip; <\/p>\n<p class=\"link-more\"><a href=\"https:\/\/diga.usac.edu.gt\/?page_id=127\" class=\"more-link\">Continuar leyendo<span class=\"screen-reader-text\"> \u00abEstrategias\u00bb<\/span><\/a><\/p>\n","protected":false},"author":2,"featured_media":0,"parent":113,"menu_order":7,"comment_status":"closed","ping_status":"closed","template":"","meta":[],"_links":{"self":[{"href":"https:\/\/diga.usac.edu.gt\/index.php?rest_route=\/wp\/v2\/pages\/127"}],"collection":[{"href":"https:\/\/diga.usac.edu.gt\/index.php?rest_route=\/wp\/v2\/pages"}],"about":[{"href":"https:\/\/diga.usac.edu.gt\/index.php?rest_route=\/wp\/v2\/types\/page"}],"author":[{"embeddable":true,"href":"https:\/\/diga.usac.edu.gt\/index.php?rest_route=\/wp\/v2\/users\/2"}],"replies":[{"embeddable":true,"href":"https:\/\/diga.usac.edu.gt\/index.php?rest_route=%2Fwp%2Fv2%2Fcomments&post=127"}],"version-history":[{"count":1,"href":"https:\/\/diga.usac.edu.gt\/index.php?rest_route=\/wp\/v2\/pages\/127\/revisions"}],"predecessor-version":[{"id":128,"href":"https:\/\/diga.usac.edu.gt\/index.php?rest_route=\/wp\/v2\/pages\/127\/revisions\/128"}],"up":[{"embeddable":true,"href":"https:\/\/diga.usac.edu.gt\/index.php?rest_route=\/wp\/v2\/pages\/113"}],"wp:attachment":[{"href":"https:\/\/diga.usac.edu.gt\/index.php?rest_route=%2Fwp%2Fv2%2Fmedia&parent=127"}],"curies":[{"name":"wp","href":"https:\/\/api.w.org\/{rel}","templated":true}]}}