{"id":129,"date":"2020-07-22T17:33:10","date_gmt":"2020-07-22T23:33:10","guid":{"rendered":"https:\/\/diga.usac.edu.gt\/?page_id=129"},"modified":"2020-07-22T17:55:30","modified_gmt":"2020-07-22T23:55:30","slug":"estructura-organizativa","status":"publish","type":"page","link":"https:\/\/diga.usac.edu.gt\/?page_id=129","title":{"rendered":"Estructura organizativa"},"content":{"rendered":"<p>La Direcci\u00f3n General de Administraci\u00f3n est\u00e1 estructurada de la manera siguiente:<\/p>\n","protected":false},"excerpt":{"rendered":"<p>La Direcci\u00f3n General de Administraci\u00f3n est\u00e1 estructurada de la manera siguiente:<\/p>\n","protected":false},"author":2,"featured_media":0,"parent":0,"menu_order":0,"comment_status":"closed","ping_status":"closed","template":"","meta":[],"_links":{"self":[{"href":"https:\/\/diga.usac.edu.gt\/index.php?rest_route=\/wp\/v2\/pages\/129"}],"collection":[{"href":"https:\/\/diga.usac.edu.gt\/index.php?rest_route=\/wp\/v2\/pages"}],"about":[{"href":"https:\/\/diga.usac.edu.gt\/index.php?rest_route=\/wp\/v2\/types\/page"}],"author":[{"embeddable":true,"href":"https:\/\/diga.usac.edu.gt\/index.php?rest_route=\/wp\/v2\/users\/2"}],"replies":[{"embeddable":true,"href":"https:\/\/diga.usac.edu.gt\/index.php?rest_route=%2Fwp%2Fv2%2Fcomments&post=129"}],"version-history":[{"count":3,"href":"https:\/\/diga.usac.edu.gt\/index.php?rest_route=\/wp\/v2\/pages\/129\/revisions"}],"predecessor-version":[{"id":146,"href":"https:\/\/diga.usac.edu.gt\/index.php?rest_route=\/wp\/v2\/pages\/129\/revisions\/146"}],"wp:attachment":[{"href":"https:\/\/diga.usac.edu.gt\/index.php?rest_route=%2Fwp%2Fv2%2Fmedia&parent=129"}],"curies":[{"name":"wp","href":"https:\/\/api.w.org\/{rel}","templated":true}]}}