{"id":154,"date":"2020-07-23T14:11:49","date_gmt":"2020-07-23T20:11:49","guid":{"rendered":"https:\/\/diga.usac.edu.gt\/?page_id=154"},"modified":"2020-08-25T11:09:40","modified_gmt":"2020-08-25T17:09:40","slug":"biblioteca-central","status":"publish","type":"page","link":"https:\/\/diga.usac.edu.gt\/?page_id=154","title":{"rendered":"Biblioteca Central"},"content":{"rendered":"<p>La Biblioteca Central de la Universidad de San Carlos de Guatemala, es concebida como una dependencia educativa y de servicio a la docencia, investigaci\u00f3n y extensi\u00f3n que contribuye a los fines acad\u00e9micos mediante los recursos para el aprendizaje y la investigaci\u00f3n.<\/p>\n<p>&nbsp;<\/p>\n<p><a href=\"https:\/\/www.facebook.com\/BiblioUSACentral\/\"><img loading=\"lazy\" class=\"alignright wp-image-177 size-thumbnail\" src=\"https:\/\/diga.usac.edu.gt\/wp-content\/uploads\/2020\/08\/Fb-Icon-1-146x150.png\" alt=\"\" width=\"146\" height=\"150\" \/><\/a><\/p>\n<p>&nbsp;<\/p>\n<p><a href=\"http:\/\/biblioteca.usac.edu.gt\/biblioteca2\/index.php\"><img loading=\"lazy\" class=\"alignnone wp-image-180 size-full\" src=\"https:\/\/diga.usac.edu.gt\/wp-content\/uploads\/2020\/08\/Sitio-Web-pq.png\" alt=\"\" width=\"146\" height=\"47\" \/><\/a><\/p>\n","protected":false},"excerpt":{"rendered":"<p>La Biblioteca Central de la Universidad de San Carlos de Guatemala, es concebida como una dependencia educativa y de servicio a la docencia, investigaci\u00f3n y extensi\u00f3n que contribuye a los fines acad\u00e9micos mediante los recursos para el aprendizaje y la investigaci\u00f3n. &nbsp; &nbsp;<\/p>\n","protected":false},"author":2,"featured_media":0,"parent":129,"menu_order":3,"comment_status":"closed","ping_status":"closed","template":"","meta":[],"_links":{"self":[{"href":"https:\/\/diga.usac.edu.gt\/index.php?rest_route=\/wp\/v2\/pages\/154"}],"collection":[{"href":"https:\/\/diga.usac.edu.gt\/index.php?rest_route=\/wp\/v2\/pages"}],"about":[{"href":"https:\/\/diga.usac.edu.gt\/index.php?rest_route=\/wp\/v2\/types\/page"}],"author":[{"embeddable":true,"href":"https:\/\/diga.usac.edu.gt\/index.php?rest_route=\/wp\/v2\/users\/2"}],"replies":[{"embeddable":true,"href":"https:\/\/diga.usac.edu.gt\/index.php?rest_route=%2Fwp%2Fv2%2Fcomments&post=154"}],"version-history":[{"count":5,"href":"https:\/\/diga.usac.edu.gt\/index.php?rest_route=\/wp\/v2\/pages\/154\/revisions"}],"predecessor-version":[{"id":183,"href":"https:\/\/diga.usac.edu.gt\/index.php?rest_route=\/wp\/v2\/pages\/154\/revisions\/183"}],"up":[{"embeddable":true,"href":"https:\/\/diga.usac.edu.gt\/index.php?rest_route=\/wp\/v2\/pages\/129"}],"wp:attachment":[{"href":"https:\/\/diga.usac.edu.gt\/index.php?rest_route=%2Fwp%2Fv2%2Fmedia&parent=154"}],"curies":[{"name":"wp","href":"https:\/\/api.w.org\/{rel}","templated":true}]}}