{"id":185,"date":"2020-08-25T11:18:36","date_gmt":"2020-08-25T17:18:36","guid":{"rendered":"https:\/\/diga.usac.edu.gt\/?page_id=185"},"modified":"2020-08-25T11:18:36","modified_gmt":"2020-08-25T17:18:36","slug":"archivo-general","status":"publish","type":"page","link":"https:\/\/diga.usac.edu.gt\/?page_id=185","title":{"rendered":"Archivo General"},"content":{"rendered":"<p>El Archivo General de la Universidad de San Carlos de Guatemala es la instancia t\u00e9cnica especializada en resguardar la memoria institucional y ejercer control sobre la gesti\u00f3n y tratamiento de los documentos de archivo, en las unidades de la Instituci\u00f3n, desde su creaci\u00f3n hasta su conservaci\u00f3n permanente o eliminaci\u00f3n.<\/p>\n<p><a href=\"https:\/\/www.facebook.com\/archivogeneralusac\/\"><img loading=\"lazy\" class=\"alignright wp-image-177 size-thumbnail\" src=\"https:\/\/diga.usac.edu.gt\/wp-content\/uploads\/2020\/08\/Fb-Icon-1-146x150.png\" alt=\"\" width=\"146\" height=\"150\" \/><\/a><\/p>\n<p>&nbsp;<\/p>\n<p><a href=\"http:\/\/archivo.usac.edu.gt\/\"><img loading=\"lazy\" class=\"alignleft wp-image-180 size-full\" src=\"https:\/\/diga.usac.edu.gt\/wp-content\/uploads\/2020\/08\/Sitio-Web-pq.png\" alt=\"\" width=\"146\" height=\"47\" \/><\/a><\/p>\n","protected":false},"excerpt":{"rendered":"<p>El Archivo General de la Universidad de San Carlos de Guatemala es la instancia t\u00e9cnica especializada en resguardar la memoria institucional y ejercer control sobre la gesti\u00f3n y tratamiento de los documentos de archivo, en las unidades de la Instituci\u00f3n, desde su creaci\u00f3n hasta su conservaci\u00f3n permanente o eliminaci\u00f3n. &nbsp;<\/p>\n","protected":false},"author":2,"featured_media":0,"parent":129,"menu_order":5,"comment_status":"closed","ping_status":"closed","template":"","meta":[],"_links":{"self":[{"href":"https:\/\/diga.usac.edu.gt\/index.php?rest_route=\/wp\/v2\/pages\/185"}],"collection":[{"href":"https:\/\/diga.usac.edu.gt\/index.php?rest_route=\/wp\/v2\/pages"}],"about":[{"href":"https:\/\/diga.usac.edu.gt\/index.php?rest_route=\/wp\/v2\/types\/page"}],"author":[{"embeddable":true,"href":"https:\/\/diga.usac.edu.gt\/index.php?rest_route=\/wp\/v2\/users\/2"}],"replies":[{"embeddable":true,"href":"https:\/\/diga.usac.edu.gt\/index.php?rest_route=%2Fwp%2Fv2%2Fcomments&post=185"}],"version-history":[{"count":1,"href":"https:\/\/diga.usac.edu.gt\/index.php?rest_route=\/wp\/v2\/pages\/185\/revisions"}],"predecessor-version":[{"id":186,"href":"https:\/\/diga.usac.edu.gt\/index.php?rest_route=\/wp\/v2\/pages\/185\/revisions\/186"}],"up":[{"embeddable":true,"href":"https:\/\/diga.usac.edu.gt\/index.php?rest_route=\/wp\/v2\/pages\/129"}],"wp:attachment":[{"href":"https:\/\/diga.usac.edu.gt\/index.php?rest_route=%2Fwp%2Fv2%2Fmedia&parent=185"}],"curies":[{"name":"wp","href":"https:\/\/api.w.org\/{rel}","templated":true}]}}