{"id":188,"date":"2020-08-25T11:59:52","date_gmt":"2020-08-25T17:59:52","guid":{"rendered":"https:\/\/diga.usac.edu.gt\/?page_id=188"},"modified":"2020-08-25T12:00:29","modified_gmt":"2020-08-25T18:00:29","slug":"centro-cultural-universitario","status":"publish","type":"page","link":"https:\/\/diga.usac.edu.gt\/?page_id=188","title":{"rendered":"Centro Universitario Metropolitano"},"content":{"rendered":"<p>El Centro Universitario Metropolitano -CUM- es una dependencia de la Universidad de San Carlos de Guatemala, conformada por Unidades de car\u00e1cter acad\u00e9mico-administrativo; posee su propia estructura organizativa y los recursos necesarios para el cumplimiento de las funciones de docencia, investigaci\u00f3n, extensi\u00f3n y servicio.<\/p>\n<p>Su misi\u00f3n es apoyar las pol\u00edticas de descentralizaci\u00f3n y desconcentraci\u00f3n de la educaci\u00f3n superior en la Universidad de San Carlos de Guatemala, mediante la dotaci\u00f3n de espacio f\u00edsico, mobiliario adecuado y equipo de tecnolog\u00eda moderna para ser utilizados eficientemente en la docencia, investigaci\u00f3n, extensi\u00f3n y servicio.<\/p>\n<p>&nbsp;<\/p>\n<p><a href=\"https:\/\/www.facebook.com\/cumusac\/\"><img loading=\"lazy\" class=\"aligncenter wp-image-177 size-thumbnail\" src=\"https:\/\/diga.usac.edu.gt\/wp-content\/uploads\/2020\/08\/Fb-Icon-1-146x150.png\" alt=\"\" width=\"146\" height=\"150\" \/><\/a><\/p>\n","protected":false},"excerpt":{"rendered":"<p>El Centro Universitario Metropolitano -CUM- es una dependencia de la Universidad de San Carlos de Guatemala, conformada por Unidades de car\u00e1cter acad\u00e9mico-administrativo; posee su propia estructura organizativa y los recursos necesarios para el cumplimiento de las funciones de docencia, investigaci\u00f3n, extensi\u00f3n y servicio. Su misi\u00f3n es apoyar las pol\u00edticas de descentralizaci\u00f3n y desconcentraci\u00f3n de la &hellip; <\/p>\n<p class=\"link-more\"><a href=\"https:\/\/diga.usac.edu.gt\/?page_id=188\" class=\"more-link\">Continuar leyendo<span class=\"screen-reader-text\"> \u00abCentro Universitario Metropolitano\u00bb<\/span><\/a><\/p>\n","protected":false},"author":2,"featured_media":0,"parent":0,"menu_order":0,"comment_status":"closed","ping_status":"closed","template":"","meta":[],"_links":{"self":[{"href":"https:\/\/diga.usac.edu.gt\/index.php?rest_route=\/wp\/v2\/pages\/188"}],"collection":[{"href":"https:\/\/diga.usac.edu.gt\/index.php?rest_route=\/wp\/v2\/pages"}],"about":[{"href":"https:\/\/diga.usac.edu.gt\/index.php?rest_route=\/wp\/v2\/types\/page"}],"author":[{"embeddable":true,"href":"https:\/\/diga.usac.edu.gt\/index.php?rest_route=\/wp\/v2\/users\/2"}],"replies":[{"embeddable":true,"href":"https:\/\/diga.usac.edu.gt\/index.php?rest_route=%2Fwp%2Fv2%2Fcomments&post=188"}],"version-history":[{"count":2,"href":"https:\/\/diga.usac.edu.gt\/index.php?rest_route=\/wp\/v2\/pages\/188\/revisions"}],"predecessor-version":[{"id":191,"href":"https:\/\/diga.usac.edu.gt\/index.php?rest_route=\/wp\/v2\/pages\/188\/revisions\/191"}],"wp:attachment":[{"href":"https:\/\/diga.usac.edu.gt\/index.php?rest_route=%2Fwp%2Fv2%2Fmedia&parent=188"}],"curies":[{"name":"wp","href":"https:\/\/api.w.org\/{rel}","templated":true}]}}